{"id":223,"date":"2021-03-02T04:13:48","date_gmt":"2021-03-02T04:13:48","guid":{"rendered":"http:\/\/metalestitan.com.mx\/?page_id=223"},"modified":"2021-05-03T22:19:01","modified_gmt":"2021-05-04T03:19:01","slug":"quienes-somos","status":"publish","type":"page","link":"http:\/\/metalestitan.com.mx\/index.php\/quienes-somos\/","title":{"rendered":"\u00bfQUI\u00c9NES SOMOS?"},"content":{"rendered":"<p>[et_pb_section fb_built=\u00bb1&#8243; _builder_version=\u00bb4.9.2&#8243; _module_preset=\u00bbdefault\u00bb custom_padding=\u00bb||0px||false|false\u00bb][et_pb_row _builder_version=\u00bb4.9.0&#8243; _module_preset=\u00bbdefault\u00bb][et_pb_column type=\u00bb4_4&#8243; _builder_version=\u00bb4.9.0&#8243; _module_preset=\u00bbdefault\u00bb][et_pb_text _builder_version=\u00bb4.9.0&#8243; _module_preset=\u00bbdefault\u00bb header_2_font=\u00bbRoboto Condensed|700|||||||\u00bb header_2_text_color=\u00bb#3F5364&#8243; header_2_font_size=\u00bb36px\u00bb custom_padding=\u00bb0px||0px||true|false\u00bb]<\/p>\n<h2>\u00bfQUI\u00c9NES SOMOS?<\/h2>\n<p>[\/et_pb_text][\/et_pb_column][\/et_pb_row][et_pb_row column_structure=\u00bb3_5,2_5&#8243; use_custom_gutter=\u00bbon\u00bb gutter_width=\u00bb1&#8243; make_equal=\u00bbon\u00bb custom_padding_last_edited=\u00bbon|phone\u00bb _builder_version=\u00bb4.9.2&#8243; _module_preset=\u00bbdefault\u00bb width=\u00bb100%\u00bb custom_margin_tablet=\u00bb\u00bb custom_margin_phone=\u00bb\u00bb custom_margin_last_edited=\u00bbon|phone\u00bb custom_padding=\u00bb0px||||false|false\u00bb custom_padding_tablet=\u00bb\u00bb custom_padding_phone=\u00bb||0px||false|false\u00bb width__hover_enabled=\u00bbon|desktop\u00bb][et_pb_column type=\u00bb3_5&#8243; _builder_version=\u00bb4.9.0&#8243; _module_preset=\u00bbdefault\u00bb][et_pb_image src=\u00bbhttp:\/\/metalestitan.com.mx\/wp-content\/uploads\/2021\/03\/manos.jpg\u00bb title_text=\u00bbmanos\u00bb _builder_version=\u00bb4.9.0&#8243; _module_preset=\u00bbdefault\u00bb max_width=\u00bb100%\u00bb][\/et_pb_image][\/et_pb_column][et_pb_column type=\u00bb2_5&#8243; _builder_version=\u00bb4.9.0&#8243; _module_preset=\u00bbdefault\u00bb][et_pb_text _builder_version=\u00bb4.9.4&#8243; _module_preset=\u00bbdefault\u00bb text_font=\u00bbRoboto||||||||\u00bb text_text_color=\u00bb#976A4D\u00bb text_font_size=\u00bb16px\u00bb text_line_height=\u00bb1.35em\u00bb header_2_font=\u00bbRoboto Condensed|700|||||||\u00bb header_2_text_color=\u00bb#3F5364&#8243; header_2_font_size=\u00bb30px\u00bb background_color=\u00bb#ecebec\u00bb min_height_tablet=\u00bb\u00bb min_height_phone=\u00bb\u00bb min_height_last_edited=\u00bbon|phone\u00bb height=\u00bb432px\u00bb height_tablet=\u00bb\u00bb height_phone=\u00bb\u00bb height_last_edited=\u00bbon|phone\u00bb max_height=\u00bb435px\u00bb max_height_tablet=\u00bb\u00bb max_height_phone=\u00bb\u00bb max_height_last_edited=\u00bbon|phone\u00bb custom_padding=\u00bb20px|30px|20px|30px|true|true\u00bb hover_enabled=\u00bb0&#8243; sticky_enabled=\u00bb0&#8243;]<\/p>\n<h2>COBRE Y METALES TIT\u00c1N<\/h2>\n<p>&nbsp;<\/p>\n<p>Es una empresa mexicana que cuenta con m\u00e1s de 10 a\u00f1os de experiencia en el mercado, estamos enfocados a la venta y distribuci\u00f3n de metales en sus diferentes presentaciones fabricados bajo los lineamientos RoHS y REACH, as\u00ed como normas nacionales e internacionales.<\/p>\n<p>Tit\u00e1n es una empresa l\u00edder en el suministro de materia prima de calidad a precios sumamente competitivos, ofreciendo atenci\u00f3n personalizada con nuestro personal altamente capacitado.<\/p>\n<p>Algunos de nuestros principales productos son: solera de cobre, l\u00e1mina de cobre, trencilla de cobre esta\u00f1ada y natural, perfiles de aluminio y barras de lat\u00f3n.<\/p>\n<p>[\/et_pb_text][\/et_pb_column][\/et_pb_row][et_pb_row custom_padding_last_edited=\u00bbon|phone\u00bb _builder_version=\u00bb4.9.4&#8243; _module_preset=\u00bbdefault\u00bb custom_padding=\u00bb0px||0px||true|false\u00bb custom_padding_tablet=\u00bb\u00bb custom_padding_phone=\u00bb0px||0px||true|false\u00bb][et_pb_column type=\u00bb4_4&#8243; _builder_version=\u00bb4.9.0&#8243; _module_preset=\u00bbdefault\u00bb][et_pb_divider color=\u00bb#3F5364&#8243; divider_weight=\u00bb2px\u00bb divider_position_tablet=\u00bb\u00bb divider_position_phone=\u00bbcenter\u00bb divider_position_last_edited=\u00bbon|phone\u00bb _builder_version=\u00bb4.9.4&#8243; _module_preset=\u00bbdefault\u00bb custom_padding=\u00bb||3px||false|false\u00bb custom_padding_tablet=\u00bb\u00bb custom_padding_phone=\u00bb||0px||false|false\u00bb custom_padding_last_edited=\u00bbon|phone\u00bb][\/et_pb_divider][\/et_pb_column][\/et_pb_row][\/et_pb_section]<\/p>\n","protected":false},"excerpt":{"rendered":"<p>\u00bfQUI\u00c9NES SOMOS?COBRE Y METALES TIT\u00c1N &nbsp; Es una empresa mexicana que cuenta con m\u00e1s de 10 a\u00f1os de experiencia en el mercado, estamos enfocados a la venta y distribuci\u00f3n de metales en sus diferentes presentaciones fabricados bajo los lineamientos RoHS y REACH, as\u00ed como normas nacionales e internacionales. Tit\u00e1n es una empresa l\u00edder en el [&hellip;]<\/p>\n","protected":false},"author":1,"featured_media":0,"parent":0,"menu_order":0,"comment_status":"closed","ping_status":"closed","template":"","meta":{"_et_pb_use_builder":"on","_et_pb_old_content":"","_et_gb_content_width":"","footnotes":""},"class_list":["post-223","page","type-page","status-publish","hentry"],"_links":{"self":[{"href":"http:\/\/metalestitan.com.mx\/index.php\/wp-json\/wp\/v2\/pages\/223","targetHints":{"allow":["GET"]}}],"collection":[{"href":"http:\/\/metalestitan.com.mx\/index.php\/wp-json\/wp\/v2\/pages"}],"about":[{"href":"http:\/\/metalestitan.com.mx\/index.php\/wp-json\/wp\/v2\/types\/page"}],"author":[{"embeddable":true,"href":"http:\/\/metalestitan.com.mx\/index.php\/wp-json\/wp\/v2\/users\/1"}],"replies":[{"embeddable":true,"href":"http:\/\/metalestitan.com.mx\/index.php\/wp-json\/wp\/v2\/comments?post=223"}],"version-history":[{"count":22,"href":"http:\/\/metalestitan.com.mx\/index.php\/wp-json\/wp\/v2\/pages\/223\/revisions"}],"predecessor-version":[{"id":1321,"href":"http:\/\/metalestitan.com.mx\/index.php\/wp-json\/wp\/v2\/pages\/223\/revisions\/1321"}],"wp:attachment":[{"href":"http:\/\/metalestitan.com.mx\/index.php\/wp-json\/wp\/v2\/media?parent=223"}],"curies":[{"name":"wp","href":"https:\/\/api.w.org\/{rel}","templated":true}]}}