{"id":241,"date":"2021-03-02T04:55:53","date_gmt":"2021-03-02T04:55:53","guid":{"rendered":"http:\/\/metalestitan.com.mx\/?page_id=241"},"modified":"2021-05-01T22:10:54","modified_gmt":"2021-05-02T03:10:54","slug":"responsabilidad-social","status":"publish","type":"page","link":"http:\/\/metalestitan.com.mx\/index.php\/responsabilidad-social\/","title":{"rendered":"RESPONSABILIDAD SOCIAL"},"content":{"rendered":"<p>[et_pb_section fb_built=\u00bb1&#8243; _builder_version=\u00bb4.9.4&#8243; _module_preset=\u00bbdefault\u00bb hover_enabled=\u00bb0&#8243; custom_padding=\u00bb||0px||false|false\u00bb custom_padding_last_edited=\u00bbon|phone\u00bb sticky_enabled=\u00bb0&#8243;][et_pb_row _builder_version=\u00bb4.9.0&#8243; _module_preset=\u00bbdefault\u00bb][et_pb_column type=\u00bb4_4&#8243; _builder_version=\u00bb4.9.0&#8243; _module_preset=\u00bbdefault\u00bb][et_pb_text _builder_version=\u00bb4.9.0&#8243; _module_preset=\u00bbdefault\u00bb header_2_font=\u00bbRoboto Condensed|700|||||||\u00bb header_2_text_color=\u00bb#3F5364&#8243; header_2_font_size=\u00bb36px\u00bb custom_padding=\u00bb0px||0px||true|false\u00bb]<\/p>\n<h2>RESPONSABILIDAD SOCIAL<\/h2>\n<p>[\/et_pb_text][\/et_pb_column][\/et_pb_row][et_pb_row column_structure=\u00bb3_5,2_5&#8243; use_custom_gutter=\u00bbon\u00bb gutter_width=\u00bb1&#8243; make_equal=\u00bbon\u00bb _builder_version=\u00bb4.9.0&#8243; _module_preset=\u00bbdefault\u00bb width=\u00bb100%\u00bb custom_padding=\u00bb0px||||false|false\u00bb width__hover_enabled=\u00bbon|desktop\u00bb][et_pb_column type=\u00bb3_5&#8243; _builder_version=\u00bb4.9.0&#8243; _module_preset=\u00bbdefault\u00bb][et_pb_image src=\u00bbhttp:\/\/metalestitan.com.mx\/wp-content\/uploads\/2021\/03\/responsabilidad-social.jpg\u00bb title_text=\u00bbresponsabilidad social\u00bb force_fullwidth=\u00bbon\u00bb _builder_version=\u00bb4.9.2&#8243; _module_preset=\u00bbdefault\u00bb][\/et_pb_image][\/et_pb_column][et_pb_column type=\u00bb2_5&#8243; _builder_version=\u00bb4.9.0&#8243; _module_preset=\u00bbdefault\u00bb][et_pb_text _builder_version=\u00bb4.9.4&#8243; _module_preset=\u00bbdefault\u00bb text_font=\u00bbRoboto||||||||\u00bb text_text_color=\u00bb#976A4D\u00bb text_font_size=\u00bb16px\u00bb text_line_height=\u00bb1.35em\u00bb header_2_font=\u00bbRoboto Condensed|700|||||||\u00bb header_2_text_color=\u00bb#3F5364&#8243; header_2_font_size=\u00bb30px\u00bb background_color=\u00bb#ecebec\u00bb text_orientation=\u00bbjustified\u00bb height=\u00bb603px\u00bb height_tablet=\u00bb\u00bb height_phone=\u00bb\u00bb height_last_edited=\u00bbon|desktop\u00bb max_height=\u00bb603px\u00bb custom_padding=\u00bb150px|30px|150px|30px|true|true\u00bb]<\/p>\n<p>Apeg\u00e1ndonos a nuestro Sistema Integral de Gesti\u00f3n, nuestra iniciativa de responsabilidad social se basa en el cuidado del medio ambiente, contribuyendo a la protecci\u00f3n y reciclaje de recursos, implementando un servicio de log\u00edstica que nos permita reducir nuestra emisi\u00f3n de contaminantes en el aire y gestionar nuestros residuos de manera responsable.<\/p>\n<p>[\/et_pb_text][\/et_pb_column][\/et_pb_row][et_pb_row _builder_version=\u00bb4.9.4&#8243; _module_preset=\u00bbdefault\u00bb custom_padding=\u00bb0px||0px||true|false\u00bb hover_enabled=\u00bb0&#8243; custom_padding_last_edited=\u00bbon|phone\u00bb sticky_enabled=\u00bb0&#8243;][et_pb_column type=\u00bb4_4&#8243; _builder_version=\u00bb4.9.0&#8243; _module_preset=\u00bbdefault\u00bb][et_pb_divider color=\u00bb#3F5364&#8243; divider_weight=\u00bb2px\u00bb _builder_version=\u00bb4.9.4&#8243; _module_preset=\u00bbdefault\u00bb hover_enabled=\u00bb0&#8243; divider_position_last_edited=\u00bbon|phone\u00bb sticky_enabled=\u00bb0&#8243; divider_position_phone=\u00bbtop\u00bb custom_padding=\u00bb||||false|false\u00bb custom_padding_last_edited=\u00bbon|phone\u00bb][\/et_pb_divider][\/et_pb_column][\/et_pb_row][\/et_pb_section]<\/p>\n","protected":false},"excerpt":{"rendered":"<p>RESPONSABILIDAD SOCIALApeg\u00e1ndonos a nuestro Sistema Integral de Gesti\u00f3n, nuestra iniciativa de responsabilidad social se basa en el cuidado del medio ambiente, contribuyendo a la protecci\u00f3n y reciclaje de recursos, implementando un servicio de log\u00edstica que nos permita reducir nuestra emisi\u00f3n de contaminantes en el aire y gestionar nuestros residuos de manera responsable.<\/p>\n","protected":false},"author":1,"featured_media":0,"parent":0,"menu_order":0,"comment_status":"closed","ping_status":"closed","template":"","meta":{"_et_pb_use_builder":"on","_et_pb_old_content":"","_et_gb_content_width":"","footnotes":""},"class_list":["post-241","page","type-page","status-publish","hentry"],"_links":{"self":[{"href":"http:\/\/metalestitan.com.mx\/index.php\/wp-json\/wp\/v2\/pages\/241","targetHints":{"allow":["GET"]}}],"collection":[{"href":"http:\/\/metalestitan.com.mx\/index.php\/wp-json\/wp\/v2\/pages"}],"about":[{"href":"http:\/\/metalestitan.com.mx\/index.php\/wp-json\/wp\/v2\/types\/page"}],"author":[{"embeddable":true,"href":"http:\/\/metalestitan.com.mx\/index.php\/wp-json\/wp\/v2\/users\/1"}],"replies":[{"embeddable":true,"href":"http:\/\/metalestitan.com.mx\/index.php\/wp-json\/wp\/v2\/comments?post=241"}],"version-history":[{"count":7,"href":"http:\/\/metalestitan.com.mx\/index.php\/wp-json\/wp\/v2\/pages\/241\/revisions"}],"predecessor-version":[{"id":1196,"href":"http:\/\/metalestitan.com.mx\/index.php\/wp-json\/wp\/v2\/pages\/241\/revisions\/1196"}],"wp:attachment":[{"href":"http:\/\/metalestitan.com.mx\/index.php\/wp-json\/wp\/v2\/media?parent=241"}],"curies":[{"name":"wp","href":"https:\/\/api.w.org\/{rel}","templated":true}]}}