{"id":248,"date":"2021-03-02T05:06:54","date_gmt":"2021-03-02T05:06:54","guid":{"rendered":"http:\/\/metalestitan.com.mx\/?page_id=248"},"modified":"2021-03-02T05:06:54","modified_gmt":"2021-03-02T05:06:54","slug":"ingenieria-de-innovacion","status":"publish","type":"page","link":"http:\/\/metalestitan.com.mx\/index.php\/ingenieria-de-innovacion\/","title":{"rendered":"INGENIER\u00cdA DE INNOVACI\u00d3N"},"content":{"rendered":"<p>[et_pb_section fb_built=\u00bb1&#8243; _builder_version=\u00bb4.9.0&#8243; _module_preset=\u00bbdefault\u00bb][et_pb_row _builder_version=\u00bb4.9.0&#8243; _module_preset=\u00bbdefault\u00bb][et_pb_column type=\u00bb4_4&#8243; _builder_version=\u00bb4.9.0&#8243; _module_preset=\u00bbdefault\u00bb][et_pb_text _builder_version=\u00bb4.9.0&#8243; _module_preset=\u00bbdefault\u00bb header_2_font=\u00bbRoboto Condensed|700|||||||\u00bb header_2_text_color=\u00bb#3F5364&#8243; header_2_font_size=\u00bb36px\u00bb custom_padding=\u00bb0px||0px||true|false\u00bb hover_enabled=\u00bb0&#8243; sticky_enabled=\u00bb0&#8243;]<\/p>\n<h2>INGENIER\u00cdA DE INNOVACI\u00d3N<\/h2>\n<p>[\/et_pb_text][\/et_pb_column][\/et_pb_row][et_pb_row column_structure=\u00bb3_5,2_5&#8243; use_custom_gutter=\u00bbon\u00bb gutter_width=\u00bb1&#8243; make_equal=\u00bbon\u00bb _builder_version=\u00bb4.9.0&#8243; _module_preset=\u00bbdefault\u00bb width=\u00bb100%\u00bb custom_padding=\u00bb0px||||false|false\u00bb width__hover_enabled=\u00bbon|desktop\u00bb][et_pb_column type=\u00bb3_5&#8243; _builder_version=\u00bb4.9.0&#8243; _module_preset=\u00bbdefault\u00bb][et_pb_image src=\u00bbhttp:\/\/metalestitan.com.mx\/wp-content\/uploads\/2021\/03\/ingenieria.jpg\u00bb title_text=\u00bbingenieria\u00bb _builder_version=\u00bb4.9.0&#8243; _module_preset=\u00bbdefault\u00bb max_width=\u00bb100%\u00bb hover_enabled=\u00bb0&#8243; sticky_enabled=\u00bb0&#8243;][\/et_pb_image][\/et_pb_column][et_pb_column type=\u00bb2_5&#8243; _builder_version=\u00bb4.9.0&#8243; _module_preset=\u00bbdefault\u00bb][et_pb_text _builder_version=\u00bb4.9.0&#8243; _module_preset=\u00bbdefault\u00bb text_font=\u00bbRoboto||||||||\u00bb text_text_color=\u00bb#976A4D\u00bb text_font_size=\u00bb16px\u00bb text_line_height=\u00bb1.35em\u00bb header_2_font=\u00bbRoboto Condensed|700|||||||\u00bb header_2_text_color=\u00bb#3F5364&#8243; header_2_font_size=\u00bb30px\u00bb background_color=\u00bb#ecebec\u00bb height=\u00bb432px\u00bb max_height=\u00bb435px\u00bb custom_padding=\u00bb20px|30px|20px|30px|true|true\u00bb hover_enabled=\u00bb0&#8243; sticky_enabled=\u00bb0&#8243;]<\/p>\n<h2>COBRES Y METALES TIT\u00c1N<\/h2>\n<p>&nbsp;<\/p>\n<p>Es una empresa Mexicana con la experiencia y los conocimientos adquiridos a trav\u00e9s de 23 a\u00f1os de existencia. Tenemos como compromiso brindar un servicio oportuno a nuestros clientes mediante productos manufacturados para ofrecer la calidad requerida. Nuestro recurso m\u00e1s valioso son nuestros compa\u00f1eros. Trabajamos con pasi\u00f3n, pero a la vez, cada uno de nuestros pasos y decisiones est\u00e1n basados en valores que extraemos de la Biblia, que es nuestro m\u00e1ximo manual para buscar proceder con justicia e integridad. ! Buscamos devolver a la sociedad algo de lo mucho que recibimos mediante programas de ayuda; enfoc\u00e1ndonos en personas indefensas y que requieran ayuda.<\/p>\n<p>[\/et_pb_text][\/et_pb_column][\/et_pb_row][et_pb_row _builder_version=\u00bb4.9.0&#8243; _module_preset=\u00bbdefault\u00bb custom_padding=\u00bb||0px||false|false\u00bb][et_pb_column type=\u00bb4_4&#8243; _builder_version=\u00bb4.9.0&#8243; _module_preset=\u00bbdefault\u00bb][et_pb_divider color=\u00bb#3F5364&#8243; divider_weight=\u00bb2px\u00bb _builder_version=\u00bb4.9.0&#8243; _module_preset=\u00bbdefault\u00bb][\/et_pb_divider][\/et_pb_column][\/et_pb_row][\/et_pb_section]<\/p>\n","protected":false},"excerpt":{"rendered":"<p>INGENIER\u00cdA DE INNOVACI\u00d3NCOBRES Y METALES TIT\u00c1N &nbsp; Es una empresa Mexicana con la experiencia y los conocimientos adquiridos a trav\u00e9s de 23 a\u00f1os de existencia. Tenemos como compromiso brindar un servicio oportuno a nuestros clientes mediante productos manufacturados para ofrecer la calidad requerida. Nuestro recurso m\u00e1s valioso son nuestros compa\u00f1eros. Trabajamos con pasi\u00f3n, pero a [&hellip;]<\/p>\n","protected":false},"author":1,"featured_media":0,"parent":0,"menu_order":0,"comment_status":"closed","ping_status":"closed","template":"","meta":{"_et_pb_use_builder":"on","_et_pb_old_content":"","_et_gb_content_width":"","footnotes":""},"class_list":["post-248","page","type-page","status-publish","hentry"],"_links":{"self":[{"href":"http:\/\/metalestitan.com.mx\/index.php\/wp-json\/wp\/v2\/pages\/248","targetHints":{"allow":["GET"]}}],"collection":[{"href":"http:\/\/metalestitan.com.mx\/index.php\/wp-json\/wp\/v2\/pages"}],"about":[{"href":"http:\/\/metalestitan.com.mx\/index.php\/wp-json\/wp\/v2\/types\/page"}],"author":[{"embeddable":true,"href":"http:\/\/metalestitan.com.mx\/index.php\/wp-json\/wp\/v2\/users\/1"}],"replies":[{"embeddable":true,"href":"http:\/\/metalestitan.com.mx\/index.php\/wp-json\/wp\/v2\/comments?post=248"}],"version-history":[{"count":3,"href":"http:\/\/metalestitan.com.mx\/index.php\/wp-json\/wp\/v2\/pages\/248\/revisions"}],"predecessor-version":[{"id":254,"href":"http:\/\/metalestitan.com.mx\/index.php\/wp-json\/wp\/v2\/pages\/248\/revisions\/254"}],"wp:attachment":[{"href":"http:\/\/metalestitan.com.mx\/index.php\/wp-json\/wp\/v2\/media?parent=248"}],"curies":[{"name":"wp","href":"https:\/\/api.w.org\/{rel}","templated":true}]}}