{"id":32,"date":"2021-02-21T05:33:19","date_gmt":"2021-02-21T05:33:19","guid":{"rendered":"http:\/\/metalestitan.com.mx\/?page_id=32"},"modified":"2021-05-18T13:39:21","modified_gmt":"2021-05-18T18:39:21","slug":"contacto","status":"publish","type":"page","link":"http:\/\/metalestitan.com.mx\/index.php\/contacto\/","title":{"rendered":"Contacto +"},"content":{"rendered":"<p>[et_pb_section fb_built=\u00bb1&#8243; _builder_version=\u00bb4.9.2&#8243; _module_preset=\u00bbdefault\u00bb][et_pb_row column_structure=\u00bb2_3,1_3&#8243; _builder_version=\u00bb4.9.4&#8243; _module_preset=\u00bbdefault\u00bb custom_padding=\u00bb||0px||false|false\u00bb][et_pb_column type=\u00bb2_3&#8243; _builder_version=\u00bb4.9.2&#8243; _module_preset=\u00bbdefault\u00bb][et_pb_image src=\u00bbhttp:\/\/metalestitan.com.mx\/wp-content\/uploads\/2021\/03\/contacto.jpg\u00bb title_text=\u00bbcontacto\u00bb _builder_version=\u00bb4.9.2&#8243; _module_preset=\u00bbdefault\u00bb border_radii=\u00bbon|15px|15px|15px|15px\u00bb][\/et_pb_image][\/et_pb_column][et_pb_column type=\u00bb1_3&#8243; _builder_version=\u00bb4.9.2&#8243; _module_preset=\u00bbdefault\u00bb][et_pb_text _builder_version=\u00bb4.9.4&#8243; _module_preset=\u00bbdefault\u00bb text_font=\u00bbRoboto||||||||\u00bb text_text_color=\u00bb#3F5364&#8243; header_2_font=\u00bbRoboto||||||||\u00bb header_2_text_color=\u00bb#976A4D\u00bb custom_margin=\u00bb||28px|||\u00bb custom_padding=\u00bb||0px||false|false\u00bb hover_enabled=\u00bb0&#8243; sticky_enabled=\u00bb0&#8243; link_font=\u00bbRoboto||||||||\u00bb link_text_color=\u00bb#976A4D\u00bb]<\/p>\n<h2>Matriz Michoac\u00e1n:<\/h2>\n<p>Santa Clara del Cobre,<br \/>Michoac\u00e1n.<br \/>Tel\u00e9fono: <a href=\"tel:434%20151 8036\">434 151 8036<\/a><\/p>\n<p>[\/et_pb_text][et_pb_text _builder_version=\u00bb4.9.4&#8243; _module_preset=\u00bbdefault\u00bb text_font=\u00bbRoboto||||||||\u00bb text_text_color=\u00bb#3F5364&#8243; header_2_font=\u00bbRoboto||||||||\u00bb header_2_text_color=\u00bb#976A4D\u00bb custom_margin=\u00bb||23px|||\u00bb custom_padding=\u00bb0px||0px||true|false\u00bb hover_enabled=\u00bb0&#8243; sticky_enabled=\u00bb0&#8243; link_font=\u00bbRoboto||||||||\u00bb link_text_color=\u00bb#976A4D\u00bb]<\/p>\n<h2>Oficina de ventas Quer\u00e9taro:<\/h2>\n<p>Av. del Olmo No. 2, Int. 202,<br \/>Col. \u00c1lamos 2da secci\u00f3n;<br \/>Quer\u00e9taro, Quer\u00e9taro M\u00e9xico<br \/>C.P: 76160\u00a0 Tel. <a href=\"tel:44%208132 8078\">44 8132 8078<\/a><\/p>\n<p>[\/et_pb_text][et_pb_text _builder_version=\u00bb4.9.4&#8243; _module_preset=\u00bbdefault\u00bb text_font=\u00bbRoboto||||||||\u00bb text_text_color=\u00bb#3F5364&#8243; header_2_font=\u00bbRoboto||||||||\u00bb header_2_text_color=\u00bb#976A4D\u00bb custom_margin=\u00bb||16px|||\u00bb hover_enabled=\u00bb0&#8243; link_font=\u00bbRoboto||||||||\u00bb link_text_color=\u00bb#976A4D\u00bb sticky_enabled=\u00bb0&#8243;]<\/p>\n<h2>Oficina de ventas CDMX:<\/h2>\n<p>Campos El\u00edseos 174, Bosques<br \/>de Chapultepec, Miguel<br \/>Hidalgo, Ciudad de M\u00e9xico<br \/>C.P.11580<br \/>Tel\u00e9fono: <a href=\"tel:55%206285 2565\">55 6285 2565<\/a><\/p>\n<p>[\/et_pb_text][et_pb_text _builder_version=\u00bb4.9.4&#8243; _module_preset=\u00bbdefault\u00bb text_font=\u00bbRoboto|700|||||||\u00bb text_text_color=\u00bb#3F5364&#8243; text_font_size=\u00bb17px\u00bb link_font=\u00bbRoboto||||||||\u00bb link_text_color=\u00bb#976A4D\u00bb link_text_color__hover_enabled=\u00bbon|hover\u00bb link_text_color__hover=\u00bb#3F5364&#8243;]<\/p>\n<p>Email: <a href=\"mailto:ventas@metalestitan.com.mx\">ventas@metalestitan.com.mx<\/a><\/p>\n<p>&nbsp;<\/p>\n<p>[\/et_pb_text][\/et_pb_column][\/et_pb_row][et_pb_row _builder_version=\u00bb4.9.4&#8243; _module_preset=\u00bbdefault\u00bb custom_padding=\u00bb1px||||false|false\u00bb][et_pb_column type=\u00bb4_4&#8243; _builder_version=\u00bb4.9.2&#8243; _module_preset=\u00bbdefault\u00bb][et_pb_contact_form captcha=\u00bboff\u00bb email=\u00bbventas@metalestitan.com.mx\u00bb _builder_version=\u00bb4.9.2&#8243; _module_preset=\u00bbdefault\u00bb custom_button=\u00bbon\u00bb button_text_color=\u00bb#FFFFFF\u00bb button_bg_color=\u00bb#976A4D\u00bb button_border_color=\u00bb#976A4D\u00bb button_icon_color=\u00bb#FFFFFF\u00bb][et_pb_contact_field field_id=\u00bbName\u00bb field_title=\u00bbNombre\u00bb _builder_version=\u00bb4.9.2&#8243; form_field_background_color=\u00bb#3F5364&#8243; form_field_text_color=\u00bb#FFFFFF\u00bb form_field_focus_background_color=\u00bbrgba(63,83,100,0.26)\u00bb form_field_focus_text_color=\u00bb#3F5364&#8243; form_field_font=\u00bbRoboto||||||||\u00bb button_text_size__hover_enabled=\u00bboff\u00bb button_one_text_size__hover_enabled=\u00bboff\u00bb button_two_text_size__hover_enabled=\u00bboff\u00bb button_text_color__hover_enabled=\u00bboff\u00bb button_one_text_color__hover_enabled=\u00bboff\u00bb button_two_text_color__hover_enabled=\u00bboff\u00bb button_border_width__hover_enabled=\u00bboff\u00bb button_one_border_width__hover_enabled=\u00bboff\u00bb button_two_border_width__hover_enabled=\u00bboff\u00bb button_border_color__hover_enabled=\u00bboff\u00bb button_one_border_color__hover_enabled=\u00bboff\u00bb button_two_border_color__hover_enabled=\u00bboff\u00bb button_border_radius__hover_enabled=\u00bboff\u00bb button_one_border_radius__hover_enabled=\u00bboff\u00bb button_two_border_radius__hover_enabled=\u00bboff\u00bb button_letter_spacing__hover_enabled=\u00bboff\u00bb button_one_letter_spacing__hover_enabled=\u00bboff\u00bb button_two_letter_spacing__hover_enabled=\u00bboff\u00bb button_bg_color__hover_enabled=\u00bboff\u00bb button_one_bg_color__hover_enabled=\u00bboff\u00bb button_two_bg_color__hover_enabled=\u00bboff\u00bb][\/et_pb_contact_field][et_pb_contact_field field_id=\u00bbEmail\u00bb field_title=\u00bbDirecci\u00f3n de correo electr\u00f3nico\u00bb field_type=\u00bbemail\u00bb _builder_version=\u00bb4.9.2&#8243; form_field_background_color=\u00bb#3F5364&#8243; form_field_text_color=\u00bb#FFFFFF\u00bb form_field_focus_background_color=\u00bbrgba(63,83,100,0.26)\u00bb form_field_focus_text_color=\u00bb#3F5364&#8243; form_field_font=\u00bbRoboto||||||||\u00bb button_text_size__hover_enabled=\u00bboff\u00bb button_one_text_size__hover_enabled=\u00bboff\u00bb button_two_text_size__hover_enabled=\u00bboff\u00bb button_text_color__hover_enabled=\u00bboff\u00bb button_one_text_color__hover_enabled=\u00bboff\u00bb button_two_text_color__hover_enabled=\u00bboff\u00bb button_border_width__hover_enabled=\u00bboff\u00bb button_one_border_width__hover_enabled=\u00bboff\u00bb button_two_border_width__hover_enabled=\u00bboff\u00bb button_border_color__hover_enabled=\u00bboff\u00bb button_one_border_color__hover_enabled=\u00bboff\u00bb button_two_border_color__hover_enabled=\u00bboff\u00bb button_border_radius__hover_enabled=\u00bboff\u00bb button_one_border_radius__hover_enabled=\u00bboff\u00bb button_two_border_radius__hover_enabled=\u00bboff\u00bb button_letter_spacing__hover_enabled=\u00bboff\u00bb button_one_letter_spacing__hover_enabled=\u00bboff\u00bb button_two_letter_spacing__hover_enabled=\u00bboff\u00bb button_bg_color__hover_enabled=\u00bboff\u00bb button_one_bg_color__hover_enabled=\u00bboff\u00bb button_two_bg_color__hover_enabled=\u00bboff\u00bb][\/et_pb_contact_field][et_pb_contact_field field_id=\u00bbMessage\u00bb field_title=\u00bbMensaje\u00bb field_type=\u00bbtext\u00bb fullwidth_field=\u00bbon\u00bb _builder_version=\u00bb4.9.2&#8243; form_field_background_color=\u00bb#3F5364&#8243; form_field_text_color=\u00bb#FFFFFF\u00bb form_field_focus_background_color=\u00bbrgba(63,83,100,0.26)\u00bb form_field_focus_text_color=\u00bb#3F5364&#8243; form_field_font=\u00bbRoboto||||||||\u00bb button_text_size__hover_enabled=\u00bboff\u00bb button_one_text_size__hover_enabled=\u00bboff\u00bb button_two_text_size__hover_enabled=\u00bboff\u00bb button_text_color__hover_enabled=\u00bboff\u00bb button_one_text_color__hover_enabled=\u00bboff\u00bb button_two_text_color__hover_enabled=\u00bboff\u00bb button_border_width__hover_enabled=\u00bboff\u00bb button_one_border_width__hover_enabled=\u00bboff\u00bb button_two_border_width__hover_enabled=\u00bboff\u00bb button_border_color__hover_enabled=\u00bboff\u00bb button_one_border_color__hover_enabled=\u00bboff\u00bb button_two_border_color__hover_enabled=\u00bboff\u00bb button_border_radius__hover_enabled=\u00bboff\u00bb button_one_border_radius__hover_enabled=\u00bboff\u00bb button_two_border_radius__hover_enabled=\u00bboff\u00bb button_letter_spacing__hover_enabled=\u00bboff\u00bb button_one_letter_spacing__hover_enabled=\u00bboff\u00bb button_two_letter_spacing__hover_enabled=\u00bboff\u00bb button_bg_color__hover_enabled=\u00bboff\u00bb button_one_bg_color__hover_enabled=\u00bboff\u00bb button_two_bg_color__hover_enabled=\u00bboff\u00bb][\/et_pb_contact_field][\/et_pb_contact_form][\/et_pb_column][\/et_pb_row][\/et_pb_section]<\/p>\n","protected":false},"excerpt":{"rendered":"<p>Matriz Michoac\u00e1n: Santa Clara del Cobre,Michoac\u00e1n.Tel\u00e9fono: 434 151 8036Oficina de ventas Quer\u00e9taro: Av. del Olmo No. 2, Int. 202,Col. \u00c1lamos 2da secci\u00f3n;Quer\u00e9taro, Quer\u00e9taro M\u00e9xicoC.P: 76160\u00a0 Tel. 44 8132 8078Oficina de ventas CDMX: Campos El\u00edseos 174, Bosquesde Chapultepec, MiguelHidalgo, Ciudad de M\u00e9xicoC.P.11580Tel\u00e9fono: 55 6285 2565Email: ventas@metalestitan.com.mx &nbsp;<\/p>\n","protected":false},"author":1,"featured_media":0,"parent":0,"menu_order":0,"comment_status":"closed","ping_status":"closed","template":"","meta":{"_et_pb_use_builder":"on","_et_pb_old_content":"<!-- wp:divi\/placeholder \/-->","_et_gb_content_width":"","footnotes":""},"class_list":["post-32","page","type-page","status-publish","hentry"],"_links":{"self":[{"href":"http:\/\/metalestitan.com.mx\/index.php\/wp-json\/wp\/v2\/pages\/32","targetHints":{"allow":["GET"]}}],"collection":[{"href":"http:\/\/metalestitan.com.mx\/index.php\/wp-json\/wp\/v2\/pages"}],"about":[{"href":"http:\/\/metalestitan.com.mx\/index.php\/wp-json\/wp\/v2\/types\/page"}],"author":[{"embeddable":true,"href":"http:\/\/metalestitan.com.mx\/index.php\/wp-json\/wp\/v2\/users\/1"}],"replies":[{"embeddable":true,"href":"http:\/\/metalestitan.com.mx\/index.php\/wp-json\/wp\/v2\/comments?post=32"}],"version-history":[{"count":15,"href":"http:\/\/metalestitan.com.mx\/index.php\/wp-json\/wp\/v2\/pages\/32\/revisions"}],"predecessor-version":[{"id":1433,"href":"http:\/\/metalestitan.com.mx\/index.php\/wp-json\/wp\/v2\/pages\/32\/revisions\/1433"}],"wp:attachment":[{"href":"http:\/\/metalestitan.com.mx\/index.php\/wp-json\/wp\/v2\/media?parent=32"}],"curies":[{"name":"wp","href":"https:\/\/api.w.org\/{rel}","templated":true}]}}