{"id":742,"date":"2021-03-22T00:54:36","date_gmt":"2021-03-22T00:54:36","guid":{"rendered":"http:\/\/metalestitan.com.mx\/?page_id=742"},"modified":"2021-05-01T22:38:07","modified_gmt":"2021-05-02T03:38:07","slug":"nylamid-3","status":"publish","type":"page","link":"http:\/\/metalestitan.com.mx\/index.php\/nylamid-3\/","title":{"rendered":"Nylamid"},"content":{"rendered":"<p>[et_pb_section fb_built=\u00bb1&#8243; _builder_version=\u00bb4.9.2&#8243; _module_preset=\u00bbdefault\u00bb][et_pb_row _builder_version=\u00bb4.9.2&#8243; _module_preset=\u00bbdefault\u00bb custom_padding=\u00bb||0px||false|false\u00bb][et_pb_column type=\u00bb4_4&#8243; _builder_version=\u00bb4.9.2&#8243; _module_preset=\u00bbdefault\u00bb][et_pb_text _builder_version=\u00bb4.9.4&#8243; _module_preset=\u00bbdefault\u00bb text_font=\u00bbRoboto||||||||\u00bb text_text_color=\u00bb#3F5364&#8243; header_2_font=\u00bbRoboto|700|||||||\u00bb header_2_text_color=\u00bb#3F5364&#8243; header_2_font_size=\u00bb36px\u00bb hover_enabled=\u00bb0&#8243; sticky_enabled=\u00bb0&#8243;]<\/p>\n<h2>Nylamid<\/h2>\n<p>[\/et_pb_text][et_pb_image src=\u00bbhttp:\/\/metalestitan.com.mx\/wp-content\/uploads\/2021\/04\/interiores-nylamid.png\u00bb title_text=\u00bbinteriores-nylamid\u00bb _builder_version=\u00bb4.9.4&#8243; _module_preset=\u00bbdefault\u00bb][\/et_pb_image][\/et_pb_column][\/et_pb_row][et_pb_row _builder_version=\u00bb4.9.2&#8243; _module_preset=\u00bbdefault\u00bb][et_pb_column type=\u00bb4_4&#8243; _builder_version=\u00bb4.9.2&#8243; _module_preset=\u00bbdefault\u00bb][et_pb_text _builder_version=\u00bb4.9.4&#8243; _module_preset=\u00bbdefault\u00bb header_2_font=\u00bbRoboto|700|||||||\u00bb header_2_text_align=\u00bbleft\u00bb header_2_text_color=\u00bb#3F5364&#8243; header_2_font_size=\u00bb32px\u00bb hover_enabled=\u00bb0&#8243; sticky_enabled=\u00bb0&#8243;]<\/p>\n<h2>Informaci\u00f3n T\u00e9cnica<\/h2>\n<p>[\/et_pb_text][\/et_pb_column][\/et_pb_row][et_pb_row column_structure=\u00bb1_2,1_2&#8243; _builder_version=\u00bb4.9.2&#8243; _module_preset=\u00bbdefault\u00bb custom_padding=\u00bb1px||1px||false|false\u00bb][et_pb_column type=\u00bb1_2&#8243; _builder_version=\u00bb4.9.2&#8243; _module_preset=\u00bbdefault\u00bb][et_pb_text _builder_version=\u00bb4.9.2&#8243; _module_preset=\u00bbdefault\u00bb header_3_font=\u00bbRoboto|500|||||||\u00bb header_3_text_color=\u00bb#976A4D\u00bb]<\/p>\n<h3>Resistencia Qu\u00edmica<\/h3>\n<p><strong>Resisten a:<\/strong><\/p>\n<ul>\n<li style=\"list-style-type: none;\">\n<ul>\n<li><strong>Contacto con atm\u00f3sfera h\u00famedas<\/strong><\/li>\n<li><strong>Salinas altamente corrosivas<\/strong><\/li>\n<li><strong>Hidrocarburos alif\u00e1ticos (gasollina, gas, nafta y aceites lubricantes)<\/strong><\/li>\n<li><strong>Hidrocarburos arom\u00e1ticos (Tulol, Xilol, Benzol)<\/strong><\/li>\n<li><strong>Esteres (Acetato de Etilo, Acetato de Amilo, etc.)<\/strong><\/li>\n<li><strong>Cetonas (Mir y Mek)<\/strong><\/li>\n<li><strong>Alcoholes<\/strong><\/li>\n<li><strong>Solventes Clorados (Tetra Cloruro de Carbono y Tricloroetileno)<\/strong><\/li>\n<li><strong>Aceites y grasas<\/strong><\/li>\n<li><strong>Alacalis diluidos y con concentraci\u00f3n no superior al 30% y en fr\u00edo<\/strong><\/li>\n<li><strong>Jabones<\/strong><\/li>\n<li><strong>\u00c1cidos minerales diluidos (sulf\u00farico y clorh\u00eddrico) con concentraci\u00f3n no superior al 5% y en fr\u00edo.<\/strong><\/li>\n<li><strong>Formaldeh\u00eddo y la mayor parte de \u00c1cidos Org\u00e1nicos<\/strong><\/li>\n<\/ul>\n<\/li>\n<\/ul>\n<p>[\/et_pb_text][\/et_pb_column][et_pb_column type=\u00bb1_2&#8243; _builder_version=\u00bb4.9.2&#8243; _module_preset=\u00bbdefault\u00bb][et_pb_text _builder_version=\u00bb4.9.2&#8243; _module_preset=\u00bbdefault\u00bb text_font=\u00bbRoboto||||||||\u00bb text_text_color=\u00bb#3F5364&#8243; header_3_font=\u00bbRoboto|500|||||||\u00bb header_3_text_color=\u00bb#976A4D\u00bb]<\/p>\n<h3>Nylacero y Nylalloy<\/h3>\n<p><strong>No se recomiendan si est\u00e1n en contacto con:<\/strong><\/p>\n<ul>\n<li style=\"list-style-type: none;\">\n<ul>\n<li>Agentes minerales concentrados (sulf\u00farico, clorh\u00eddrico, fluorh\u00eddrico)<\/li>\n<li>Agentes oxidantes fuertes (ozono Pergmanganato de potasio y agua oxigenada)<\/li>\n<li>Hal\u00f3genos libres (cloro, yodo, fl\u00faor y bromo)<\/li>\n<li>Solvente espec\u00edfico (fenol y acido f\u00f3rmico)<\/li>\n<\/ul>\n<\/li>\n<\/ul>\n<p>[\/et_pb_text][\/et_pb_column][\/et_pb_row][et_pb_row _builder_version=\u00bb4.9.2&#8243; _module_preset=\u00bbdefault\u00bb custom_padding=\u00bb0px||0px||false|false\u00bb][et_pb_column type=\u00bb4_4&#8243; _builder_version=\u00bb4.9.2&#8243; _module_preset=\u00bbdefault\u00bb][et_pb_tabs active_tab_background_color=\u00bb#3F5364&#8243; inactive_tab_background_color=\u00bb#976A4D\u00bb active_tab_text_color=\u00bb#FFFFFF\u00bb _builder_version=\u00bb4.9.2&#8243; _module_preset=\u00bbdefault\u00bb tab_text_color=\u00bb#FFFFFF\u00bb tab_font=\u00bbRoboto Condensed||||||||\u00bb custom_css_main_element=\u00bbwhite-space: nowrap;\u00bb][et_pb_tab title=\u00bbM\u00e1xima Temperatura de Servicio\u00bb _builder_version=\u00bb4.9.2&#8243; _module_preset=\u00bbdefault\u00bb body_font=\u00bbRoboto||||||||\u00bb body_text_color=\u00bb#3F5364&#8243; tab_font=\u00bbRoboto Condensed||||||||\u00bb tab_text_color=\u00bb#FFFFFF\u00bb]<\/p>\n\n<table id=\"tablepress-33\" class=\"tablepress tablepress-id-33\">\n<thead>\n<tr class=\"row-1 odd\">\n\t<th class=\"column-1\"><\/th><th class=\"column-2\">En Aire<\/th><th class=\"column-3\">Corto Tiempo<\/th><th class=\"column-4\">Gas Inerte<\/th><th class=\"column-5\">Aceite<\/th><th class=\"column-6\">Agua<\/th><th class=\"column-7\">Temperatura de fusi\u00f3n<\/th>\n<\/tr>\n<\/thead>\n<tbody class=\"row-hover\">\n<tr class=\"row-2 even\">\n\t<td class=\"column-1\">NYLACERO-6<\/td><td class=\"column-2\">97<\/td><td class=\"column-3\">155<\/td><td class=\"column-4\">115<\/td><td class=\"column-5\">70<\/td><td class=\"column-6\">105<\/td><td class=\"column-7\">223<\/td>\n<\/tr>\n<tr class=\"row-3 odd\">\n\t<td class=\"column-1\">Acr\u00edlico<\/td><td class=\"column-2\">50<\/td><td class=\"column-3\">75<\/td><td class=\"column-4\">58<\/td><td class=\"column-5\">35<\/td><td class=\"column-6\">53<\/td><td class=\"column-7\">90-115<\/td>\n<\/tr>\n<tr class=\"row-4 even\">\n\t<td class=\"column-1\">Delrin<\/td><td class=\"column-2\">85<\/td><td class=\"column-3\">128<\/td><td class=\"column-4\">98<\/td><td class=\"column-5\">60<\/td><td class=\"column-6\">90<\/td><td class=\"column-7\">181<\/td>\n<\/tr>\n<tr class=\"row-5 odd\">\n\t<td class=\"column-1\">UHMWPE<\/td><td class=\"column-2\">71<\/td><td class=\"column-3\">107<\/td><td class=\"column-4\">82<\/td><td class=\"column-5\">50<\/td><td class=\"column-6\">75<\/td><td class=\"column-7\">125-135<\/td>\n<\/tr>\n<tr class=\"row-6 even\">\n\t<td class=\"column-1\">PVC<\/td><td class=\"column-2\">71<\/td><td class=\"column-3\">102<\/td><td class=\"column-4\">82<\/td><td class=\"column-5\">50<\/td><td class=\"column-6\">75<\/td><td class=\"column-7\">75-105<\/td>\n<\/tr>\n<\/tbody>\n<\/table>\n<!-- #tablepress-33 from cache -->\n<p>[\/et_pb_tab][et_pb_tab title=\u00bbDesgaste volum\u00e9trico relativo\u00bb _builder_version=\u00bb4.9.2&#8243; _module_preset=\u00bbdefault\u00bb]<\/p>\n\n<table id=\"tablepress-34\" class=\"tablepress tablepress-id-34\">\n<thead>\n<tr class=\"row-1 odd\">\n\t<th class=\"column-1\">Nylacero-6<\/th><th class=\"column-2\">100<\/th>\n<\/tr>\n<\/thead>\n<tbody class=\"row-hover\">\n<tr class=\"row-2 even\">\n\t<td class=\"column-1\">ACETAL Hostaform, Celcon, Delrin, Ultraform<\/td><td class=\"column-2\">467<\/td>\n<\/tr>\n<tr class=\"row-3 odd\">\n\t<td class=\"column-1\">HDPE<\/td><td class=\"column-2\">400<\/td>\n<\/tr>\n<tr class=\"row-4 even\">\n\t<td class=\"column-1\">PMMA<\/td><td class=\"column-2\">1200<\/td>\n<\/tr>\n<tr class=\"row-5 odd\">\n\t<td class=\"column-1\">PVC<\/td><td class=\"column-2\">613<\/td>\n<\/tr>\n<tr class=\"row-6 even\">\n\t<td class=\"column-1\">ACERO (A 36)<\/td><td class=\"column-2\">107<\/td>\n<\/tr>\n<tr class=\"row-7 odd\">\n\t<td class=\"column-1\">PP<\/td><td class=\"column-2\">393<\/td>\n<\/tr>\n<tr class=\"row-8 even\">\n\t<td class=\"column-1\">PTFE Teflon, Hostaflon<\/td><td class=\"column-2\">353<\/td>\n<\/tr>\n<tr class=\"row-9 odd\">\n\t<td class=\"column-1\">PET \u00f3 PBT Hostadur, Ultradur, Pocan, Rynite<\/td><td class=\"column-2\">407<\/td>\n<\/tr>\n<tr class=\"row-10 even\">\n\t<td class=\"column-1\">MADERA DE PINO<\/td><td class=\"column-2\">1800<\/td>\n<\/tr>\n<tr class=\"row-11 odd\">\n\t<td class=\"column-1\">PA 6,6<\/td><td class=\"column-2\">107<\/td>\n<\/tr>\n<tr class=\"row-12 even\">\n\t<td class=\"column-1\">Reisna Epoxica (con 50% cuarzo)<\/td><td class=\"column-2\">2267<\/td>\n<\/tr>\n<tr class=\"row-13 odd\">\n\t<td class=\"column-1\">BRONCE FOSFORADO<\/td><td class=\"column-2\">190<\/td>\n<\/tr>\n<tr class=\"row-14 even\">\n\t<td class=\"column-1\">CELORON<\/td><td class=\"column-2\">470<\/td>\n<\/tr>\n<\/tbody>\n<\/table>\n<!-- #tablepress-34 from cache -->\n<p>[\/et_pb_tab][et_pb_tab title=\u00bbCosto relativo\u00bb _builder_version=\u00bb4.9.2&#8243; _module_preset=\u00bbdefault\u00bb]<\/p>\n\n<table id=\"tablepress-35\" class=\"tablepress tablepress-id-35\">\n<thead>\n<tr class=\"row-1 odd\">\n\t<th class=\"column-1\">Nylacero-6<\/th><th class=\"column-2\">$ 1.00<\/th>\n<\/tr>\n<\/thead>\n<tbody class=\"row-hover\">\n<tr class=\"row-2 even\">\n\t<td class=\"column-1\">TEFLON<\/td><td class=\"column-2\">$ 2.15<\/td>\n<\/tr>\n<tr class=\"row-3 odd\">\n\t<td class=\"column-1\">PTFE<\/td><td class=\"column-2\">$ 2.15<\/td>\n<\/tr>\n<tr class=\"row-4 even\">\n\t<td class=\"column-1\">BRONCE<\/td><td class=\"column-2\">$ 1.33<\/td>\n<\/tr>\n<tr class=\"row-5 odd\">\n\t<td class=\"column-1\">LAT\u00d3N<\/td><td class=\"column-2\">$ 2.40<\/td>\n<\/tr>\n<\/tbody>\n<\/table>\n<!-- #tablepress-35 from cache -->\n<p>[\/et_pb_tab][et_pb_tab title=\u00bbPeso Relativo\u00bb _builder_version=\u00bb4.9.2&#8243; _module_preset=\u00bbdefault\u00bb tab_font=\u00bbRoboto Condensed||||||||\u00bb tab_text_color=\u00bb#FFFFFF\u00bb]<\/p>\n\n<table id=\"tablepress-36\" class=\"tablepress tablepress-id-36\">\n<thead>\n<tr class=\"row-1 odd\">\n\t<th class=\"column-1\">Nylacero-6<\/th><th class=\"column-2\">1.0<\/th>\n<\/tr>\n<\/thead>\n<tbody class=\"row-hover\">\n<tr class=\"row-2 even\">\n\t<td class=\"column-1\">Celoron<\/td><td class=\"column-2\">1.5<\/td>\n<\/tr>\n<tr class=\"row-3 odd\">\n\t<td class=\"column-1\">Aluminio<\/td><td class=\"column-2\">2.5<\/td>\n<\/tr>\n<tr class=\"row-4 even\">\n\t<td class=\"column-1\">Acero<\/td><td class=\"column-2\">7.0<\/td>\n<\/tr>\n<tr class=\"row-5 odd\">\n\t<td class=\"column-1\">Bronce<\/td><td class=\"column-2\">8.0<\/td>\n<\/tr>\n<tr class=\"row-6 even\">\n\t<td class=\"column-1\">Tefl\u00f3n<\/td><td class=\"column-2\">1.9<\/td>\n<\/tr>\n<\/tbody>\n<\/table>\n<!-- #tablepress-36 from cache -->\n<ul>\n<li>Resistencia Qu\u00edmica Relativa<\/li>\n<li>Nylacero-6 Resiste Alcalis Fuertes<\/li>\n<li>Mejor que DELRIN e Hidrocarburos<\/li>\n<li>Arom\u00e1ticos mejor que UHMWPE<\/li>\n<\/ul>\n<p>[\/et_pb_tab][\/et_pb_tabs][\/et_pb_column][\/et_pb_row][\/et_pb_section]<\/p>\n","protected":false},"excerpt":{"rendered":"<p>NylamidInformaci\u00f3n T\u00e9cnicaResistencia Qu\u00edmica Resisten a: Contacto con atm\u00f3sfera h\u00famedas Salinas altamente corrosivas Hidrocarburos alif\u00e1ticos (gasollina, gas, nafta y aceites lubricantes) Hidrocarburos arom\u00e1ticos (Tulol, Xilol, Benzol) Esteres (Acetato de Etilo, Acetato de Amilo, etc.) Cetonas (Mir y Mek) Alcoholes Solventes Clorados (Tetra Cloruro de Carbono y Tricloroetileno) Aceites y grasas Alacalis diluidos y con concentraci\u00f3n no [&hellip;]<\/p>\n","protected":false},"author":1,"featured_media":0,"parent":0,"menu_order":0,"comment_status":"closed","ping_status":"closed","template":"","meta":{"_et_pb_use_builder":"on","_et_pb_old_content":"","_et_gb_content_width":"","footnotes":""},"class_list":["post-742","page","type-page","status-publish","hentry"],"_links":{"self":[{"href":"http:\/\/metalestitan.com.mx\/index.php\/wp-json\/wp\/v2\/pages\/742","targetHints":{"allow":["GET"]}}],"collection":[{"href":"http:\/\/metalestitan.com.mx\/index.php\/wp-json\/wp\/v2\/pages"}],"about":[{"href":"http:\/\/metalestitan.com.mx\/index.php\/wp-json\/wp\/v2\/types\/page"}],"author":[{"embeddable":true,"href":"http:\/\/metalestitan.com.mx\/index.php\/wp-json\/wp\/v2\/users\/1"}],"replies":[{"embeddable":true,"href":"http:\/\/metalestitan.com.mx\/index.php\/wp-json\/wp\/v2\/comments?post=742"}],"version-history":[{"count":10,"href":"http:\/\/metalestitan.com.mx\/index.php\/wp-json\/wp\/v2\/pages\/742\/revisions"}],"predecessor-version":[{"id":1210,"href":"http:\/\/metalestitan.com.mx\/index.php\/wp-json\/wp\/v2\/pages\/742\/revisions\/1210"}],"wp:attachment":[{"href":"http:\/\/metalestitan.com.mx\/index.php\/wp-json\/wp\/v2\/media?parent=742"}],"curies":[{"name":"wp","href":"https:\/\/api.w.org\/{rel}","templated":true}]}}